{"id":1254,"date":"2021-12-10T22:43:13","date_gmt":"2021-12-10T21:43:13","guid":{"rendered":"https:\/\/anachronos.fr\/site\/?page_id=1254"},"modified":"2024-06-28T18:41:03","modified_gmt":"2024-06-28T16:41:03","slug":"faq","status":"publish","type":"page","link":"https:\/\/anachronos.fr\/site\/index.php\/faq\/","title":{"rendered":"Foire Aux Questions"},"content":{"rendered":"\t\t<div data-elementor-type=\"wp-page\" data-elementor-id=\"1254\" class=\"elementor elementor-1254\" data-elementor-settings=\"[]\">\n\t\t\t\t\t\t\t<div class=\"elementor-section-wrap\">\n\t\t\t\t\t\t\t<section class=\"elementor-section elementor-top-section elementor-element elementor-element-3233f6d1 elementor-section-boxed elementor-section-height-default elementor-section-height-default\" data-id=\"3233f6d1\" data-element_type=\"section\">\n\t\t\t\t\t\t<div class=\"elementor-container elementor-column-gap-default\">\n\t\t\t\t\t<div class=\"elementor-column elementor-col-16 elementor-top-column elementor-element elementor-element-87df0ab\" data-id=\"87df0ab\" data-element_type=\"column\">\n\t\t\t<div class=\"elementor-widget-wrap\">\n\t\t\t\t\t\t\t\t\t<\/div>\n\t\t<\/div>\n\t\t\t\t<div class=\"elementor-column elementor-col-66 elementor-top-column elementor-element elementor-element-31268097\" data-id=\"31268097\" data-element_type=\"column\">\n\t\t\t<div class=\"elementor-widget-wrap elementor-element-populated\">\n\t\t\t\t\t\t\t\t<div class=\"elementor-element elementor-element-638483e elementor-widget elementor-widget-spacer\" data-id=\"638483e\" data-element_type=\"widget\" data-widget_type=\"spacer.default\">\n\t\t\t\t<div class=\"elementor-widget-container\">\n\t\t\t\t\t<div class=\"elementor-spacer\">\n\t\t\t<div class=\"elementor-spacer-inner\"><\/div>\n\t\t<\/div>\n\t\t\t\t<\/div>\n\t\t\t\t<\/div>\n\t\t\t\t<div class=\"elementor-element elementor-element-5f39e9da elementor-widget elementor-widget-spacer\" data-id=\"5f39e9da\" data-element_type=\"widget\" data-widget_type=\"spacer.default\">\n\t\t\t\t<div class=\"elementor-widget-container\">\n\t\t\t\t\t<div class=\"elementor-spacer\">\n\t\t\t<div class=\"elementor-spacer-inner\"><\/div>\n\t\t<\/div>\n\t\t\t\t<\/div>\n\t\t\t\t<\/div>\n\t\t\t\t<div class=\"elementor-element elementor-element-1aa0660 elementor-widget elementor-widget-escapium-accordion\" data-id=\"1aa0660\" data-element_type=\"widget\" data-widget_type=\"escapium-accordion.default\">\n\t\t\t\t<div class=\"elementor-widget-container\">\n\t\t\t\n\t\t\t\t\t<div id=\"accordion-69f21331634e2\" role=\"tablist\" class=\"accordion\">\n\t\t\t\t\t\t\t\t\t\t\t\t\t\t<div class=\"accordion__item\">\n\t\t\t\t\t\t<a role=\"tab\" id=\"heading88158c2\" data-toggle=\"collapse\" href=\"#collapse88158c2\" aria-expanded=\"false\" aria-controls=\"collapse88158c2\" class=\"accordion__item-header collapsed\">\n\t\t\t\t\t\t\t<h3>Quel est le but d'un escape-game ?<\/h3>\n\t\t\t\t\t\t<\/a>\n\t\t\t\t\t\t<div id=\"collapse88158c2\" class=\"collapse\" role=\"tabpanel\" aria-labelledby=\"heading88158c2\" data-parent=\"#accordion-69f21331634e2\">\n\t\t\t\t\t\t\t<div class=\"accordion__item-body\">En \u00e9quipe, vous disposez d\u2019un temps limite pour mener \u00e0 bien une mission et vous \u00e9chapper.\n\nDans des d\u00e9cors super immersifs, r\u00e9solvez des \u00e9nigmes, manipulez des objets et autres m\u00e9canismes, d\u00e9couvrez d\u2019\u00e9ventuels passages secrets... Et menez \u00e0 bien votre mission.\n\nUn Ma\u00eetre du jeu suit votre avanc\u00e9e et peut vous aiguiller si vous \u00eates un peu perdus. Aucune comp\u00e9tence sp\u00e9cifique n'est n\u00e9cessaire, il suffit d'un peu de logique, d'observation, de coop\u00e9ration et d'une bonne communication au sein de l'\u00e9quipe pour arriver \u00e0 vos fins.<\/div>\n\t\t\t\t\t\t<\/div>\n\t\t\t\t\t<\/div>\n\t\t\t\t\t\t\t\t\t\t\t\t\t\t<div class=\"accordion__item\">\n\t\t\t\t\t\t<a role=\"tab\" id=\"headingd4a0de9\" data-toggle=\"collapse\" href=\"#collapsed4a0de9\" aria-expanded=\"false\" aria-controls=\"collapsed4a0de9\" class=\"accordion__item-header collapsed\">\n\t\t\t\t\t\t\t<h3>Serons-nous group\u00e9s avec des inconnus pendant un escape-game ?<\/h3>\n\t\t\t\t\t\t<\/a>\n\t\t\t\t\t\t<div id=\"collapsed4a0de9\" class=\"collapse\" role=\"tabpanel\" aria-labelledby=\"headingd4a0de9\" data-parent=\"#accordion-69f21331634e2\">\n\t\t\t\t\t\t\t<div class=\"accordion__item-body\">Non, la salle est r\u00e9serv\u00e9e pour votre \u00e9quipe, et vous ne pourrez compter  sur personne d'autre.<\/div>\n\t\t\t\t\t\t<\/div>\n\t\t\t\t\t<\/div>\n\t\t\t\t\t\t\t\t\t\t\t\t\t\t<div class=\"accordion__item\">\n\t\t\t\t\t\t<a role=\"tab\" id=\"headinge21cfa1\" data-toggle=\"collapse\" href=\"#collapsee21cfa1\" aria-expanded=\"false\" aria-controls=\"collapsee21cfa1\" class=\"accordion__item-header collapsed\">\n\t\t\t\t\t\t\t<h3>Combien de temps dure un escape-game?<\/h3>\n\t\t\t\t\t\t<\/a>\n\t\t\t\t\t\t<div id=\"collapsee21cfa1\" class=\"collapse\" role=\"tabpanel\" aria-labelledby=\"headinge21cfa1\" data-parent=\"#accordion-69f21331634e2\">\n\t\t\t\t\t\t\t<div class=\"accordion__item-body\">Consultez la description du sc\u00e9nario qui vous int\u00e9resse pour conna\u00eetre le temps limite, et ajoutez un quart d'heure avant et apr\u00e8s pour estimer la dur\u00e9e compl\u00e8te de votre s\u00e9jour chez nous.<\/div>\n\t\t\t\t\t\t<\/div>\n\t\t\t\t\t<\/div>\n\t\t\t\t\t\t\t\t\t\t\t\t\t\t<div class=\"accordion__item\">\n\t\t\t\t\t\t<a role=\"tab\" id=\"heading3497a0a\" data-toggle=\"collapse\" href=\"#collapse3497a0a\" aria-expanded=\"false\" aria-controls=\"collapse3497a0a\" class=\"accordion__item-header collapsed\">\n\t\t\t\t\t\t\t<h3>Quel \u00e2ge pour un escape-game ?<\/h3>\n\t\t\t\t\t\t<\/a>\n\t\t\t\t\t\t<div id=\"collapse3497a0a\" class=\"collapse\" role=\"tabpanel\" aria-labelledby=\"heading3497a0a\" data-parent=\"#accordion-69f21331634e2\">\n\t\t\t\t\t\t\t<div class=\"accordion__item-body\">Des fourchettes d'\u00e2ges sont donn\u00e9es pour chaque sc\u00e9nario en fonction de la difficult\u00e9 et du th\u00e8me, mais ce n'est qu'indicatif : n'h\u00e9sitez pas \u00e0 nous contacter pour toute demande sp\u00e9cifique.<\/div>\n\t\t\t\t\t\t<\/div>\n\t\t\t\t\t<\/div>\n\t\t\t\t\t\t\t\t\t\t\t\t\t\t<div class=\"accordion__item\">\n\t\t\t\t\t\t<a role=\"tab\" id=\"heading616a1b6\" data-toggle=\"collapse\" href=\"#collapse616a1b6\" aria-expanded=\"false\" aria-controls=\"collapse616a1b6\" class=\"accordion__item-header collapsed\">\n\t\t\t\t\t\t\t<h3>Peut-on venir sans r\u00e9server ?<\/h3>\n\t\t\t\t\t\t<\/a>\n\t\t\t\t\t\t<div id=\"collapse616a1b6\" class=\"collapse\" role=\"tabpanel\" aria-labelledby=\"heading616a1b6\" data-parent=\"#accordion-69f21331634e2\">\n\t\t\t\t\t\t\t<div class=\"accordion__item-body\">Non, nous ne sommes ouverts que sur r\u00e9servation, si vous venez sans pr\u00e9venir vous risquez de trouver porte close. Pour les r\u00e9servations de derni\u00e8re minute ( moins de 2H avant), contactez nous par t\u00e9l\u00e9phone.<\/div>\n\t\t\t\t\t\t<\/div>\n\t\t\t\t\t<\/div>\n\t\t\t\t\t\t\t\t\t\t\t\t\t\t<div class=\"accordion__item\">\n\t\t\t\t\t\t<a role=\"tab\" id=\"heading569ca08\" data-toggle=\"collapse\" href=\"#collapse569ca08\" aria-expanded=\"false\" aria-controls=\"collapse569ca08\" class=\"accordion__item-header collapsed\">\n\t\t\t\t\t\t\t<h3>Je suis venu mais vous \u00e9tiez ferm\u00e9s ?<\/h3>\n\t\t\t\t\t\t<\/a>\n\t\t\t\t\t\t<div id=\"collapse569ca08\" class=\"collapse\" role=\"tabpanel\" aria-labelledby=\"heading569ca08\" data-parent=\"#accordion-69f21331634e2\">\n\t\t\t\t\t\t\t<div class=\"accordion__item-body\">M\u00eame sur nos horaires d'ouverture, nous n'ouvrons que sur r\u00e9servation, pensez \u00e0 nous contacter avant si vous voulez venir nous voir.<\/div>\n\t\t\t\t\t\t<\/div>\n\t\t\t\t\t<\/div>\n\t\t\t\t\t\t\t\t\t\t\t\t\t\t<div class=\"accordion__item\">\n\t\t\t\t\t\t<a role=\"tab\" id=\"headingd8f8ae3\" data-toggle=\"collapse\" href=\"#collapsed8f8ae3\" aria-expanded=\"false\" aria-controls=\"collapsed8f8ae3\" class=\"accordion__item-header collapsed\">\n\t\t\t\t\t\t\t<h3>Comment r\u00e9server \/ payer ?<\/h3>\n\t\t\t\t\t\t<\/a>\n\t\t\t\t\t\t<div id=\"collapsed8f8ae3\" class=\"collapse\" role=\"tabpanel\" aria-labelledby=\"headingd8f8ae3\" data-parent=\"#accordion-69f21331634e2\">\n\t\t\t\t\t\t\t<div class=\"accordion__item-body\">Le plus simple est de r\u00e9server sur le site, avec r\u00e8glement par carte en ligne, mais vous pouvez nous contacter par t\u00e9l\u00e9phone ou e-mail si vous pr\u00e9f\u00e9rez r\u00e9gler sur place ou faire des paiements s\u00e9par\u00e9s.<\/div>\n\t\t\t\t\t\t<\/div>\n\t\t\t\t\t<\/div>\n\t\t\t\t\t\t\t\t\t\t\t\t\t\t<div class=\"accordion__item\">\n\t\t\t\t\t\t<a role=\"tab\" id=\"heading84a0b2d\" data-toggle=\"collapse\" href=\"#collapse84a0b2d\" aria-expanded=\"false\" aria-controls=\"collapse84a0b2d\" class=\"accordion__item-header collapsed\">\n\t\t\t\t\t\t\t<h3>Peut-on venir \u00e0 6?<\/h3>\n\t\t\t\t\t\t<\/a>\n\t\t\t\t\t\t<div id=\"collapse84a0b2d\" class=\"collapse\" role=\"tabpanel\" aria-labelledby=\"heading84a0b2d\" data-parent=\"#accordion-69f21331634e2\">\n\t\t\t\t\t\t\t<div class=\"accordion__item-body\">Il est possible de venir \u00e0 6 moyennant un suppl\u00e9ment de 10\u20ac \u00e0 r\u00e9gler sur place, l'exp\u00e9rience du jeu peut cependant s'en retrouver diminu\u00e9e.<\/div>\n\t\t\t\t\t\t<\/div>\n\t\t\t\t\t<\/div>\n\t\t\t\t\t\t\t\t\t\t\t\t\t\t<div class=\"accordion__item\">\n\t\t\t\t\t\t<a role=\"tab\" id=\"heading8a7bbb8\" data-toggle=\"collapse\" href=\"#collapse8a7bbb8\" aria-expanded=\"false\" aria-controls=\"collapse8a7bbb8\" class=\"accordion__item-header collapsed\">\n\t\t\t\t\t\t\t<h3>J'ai d'autres questions !<\/h3>\n\t\t\t\t\t\t<\/a>\n\t\t\t\t\t\t<div id=\"collapse8a7bbb8\" class=\"collapse\" role=\"tabpanel\" aria-labelledby=\"heading8a7bbb8\" data-parent=\"#accordion-69f21331634e2\">\n\t\t\t\t\t\t\t<div class=\"accordion__item-body\">Appelez-nous au 06.52.58.42.29 ou envoyez nous un email \u00e0 l\u2019adresse contact@anachronos.fr et laissez-nous un message avec vos coordonn\u00e9es pour que nous vous recontactions.<\/div>\n\t\t\t\t\t\t<\/div>\n\t\t\t\t\t<\/div>\n\t\t\t\t\t\t\t<\/div>\n\t\t\n\t\t\t\t<\/div>\n\t\t\t\t<\/div>\n\t\t\t\t<div class=\"elementor-element elementor-element-f0873f9 elementor-widget elementor-widget-spacer\" data-id=\"f0873f9\" data-element_type=\"widget\" data-widget_type=\"spacer.default\">\n\t\t\t\t<div class=\"elementor-widget-container\">\n\t\t\t\t\t<div class=\"elementor-spacer\">\n\t\t\t<div class=\"elementor-spacer-inner\"><\/div>\n\t\t<\/div>\n\t\t\t\t<\/div>\n\t\t\t\t<\/div>\n\t\t\t\t<div class=\"elementor-element elementor-element-4472c3ab elementor-widget elementor-widget-spacer\" data-id=\"4472c3ab\" data-element_type=\"widget\" data-widget_type=\"spacer.default\">\n\t\t\t\t<div class=\"elementor-widget-container\">\n\t\t\t\t\t<div class=\"elementor-spacer\">\n\t\t\t<div class=\"elementor-spacer-inner\"><\/div>\n\t\t<\/div>\n\t\t\t\t<\/div>\n\t\t\t\t<\/div>\n\t\t\t\t\t<\/div>\n\t\t<\/div>\n\t\t\t\t<div class=\"elementor-column elementor-col-16 elementor-top-column elementor-element elementor-element-742e7a5\" data-id=\"742e7a5\" data-element_type=\"column\">\n\t\t\t<div class=\"elementor-widget-wrap\">\n\t\t\t\t\t\t\t\t\t<\/div>\n\t\t<\/div>\n\t\t\t\t\t\t\t<\/div>\n\t\t<\/section>\n\t\t\t\t\t\t<\/div>\n\t\t\t\t\t<\/div>\n\t\t","protected":false},"excerpt":{"rendered":"","protected":false},"author":1,"featured_media":0,"parent":0,"menu_order":0,"comment_status":"closed","ping_status":"closed","template":"elementor_header_footer","meta":[],"_links":{"self":[{"href":"https:\/\/anachronos.fr\/site\/index.php\/wp-json\/wp\/v2\/pages\/1254"}],"collection":[{"href":"https:\/\/anachronos.fr\/site\/index.php\/wp-json\/wp\/v2\/pages"}],"about":[{"href":"https:\/\/anachronos.fr\/site\/index.php\/wp-json\/wp\/v2\/types\/page"}],"author":[{"embeddable":true,"href":"https:\/\/anachronos.fr\/site\/index.php\/wp-json\/wp\/v2\/users\/1"}],"replies":[{"embeddable":true,"href":"https:\/\/anachronos.fr\/site\/index.php\/wp-json\/wp\/v2\/comments?post=1254"}],"version-history":[{"count":104,"href":"https:\/\/anachronos.fr\/site\/index.php\/wp-json\/wp\/v2\/pages\/1254\/revisions"}],"predecessor-version":[{"id":2136,"href":"https:\/\/anachronos.fr\/site\/index.php\/wp-json\/wp\/v2\/pages\/1254\/revisions\/2136"}],"wp:attachment":[{"href":"https:\/\/anachronos.fr\/site\/index.php\/wp-json\/wp\/v2\/media?parent=1254"}],"curies":[{"name":"wp","href":"https:\/\/api.w.org\/{rel}","templated":true}]}}