{"id":1438,"date":"2021-12-15T11:28:41","date_gmt":"2021-12-15T10:28:41","guid":{"rendered":"https:\/\/anachronos.fr\/site\/?page_id=1438"},"modified":"2021-12-15T11:29:05","modified_gmt":"2021-12-15T10:29:05","slug":"mentions-legales","status":"publish","type":"page","link":"https:\/\/anachronos.fr\/site\/index.php\/mentions-legales\/","title":{"rendered":"Mentions L\u00e9gales"},"content":{"rendered":"\t\t<div data-elementor-type=\"wp-page\" data-elementor-id=\"1438\" class=\"elementor elementor-1438\" data-elementor-settings=\"[]\">\n\t\t\t\t\t\t\t<div class=\"elementor-section-wrap\">\n\t\t\t\t\t\t\t<section class=\"elementor-section elementor-top-section elementor-element elementor-element-6845a230 elementor-section-boxed elementor-section-height-default elementor-section-height-default\" data-id=\"6845a230\" data-element_type=\"section\">\n\t\t\t\t\t\t<div class=\"elementor-container elementor-column-gap-default\">\n\t\t\t\t\t<div class=\"elementor-column elementor-col-100 elementor-top-column elementor-element elementor-element-74075067\" data-id=\"74075067\" data-element_type=\"column\">\n\t\t\t<div class=\"elementor-widget-wrap elementor-element-populated\">\n\t\t\t\t\t\t\t\t<div class=\"elementor-element elementor-element-4956acd8 elementor-widget elementor-widget-text-editor\" data-id=\"4956acd8\" data-element_type=\"widget\" data-widget_type=\"text-editor.default\">\n\t\t\t\t<div class=\"elementor-widget-container\">\n\t\t\t<style>\/*! elementor - v3.5.0 - 12-12-2021 *\/\n.elementor-widget-text-editor.elementor-drop-cap-view-stacked .elementor-drop-cap.elementor-widget-text-editor.elementor-drop-cap-view-framed .elementor-drop-cap{color:#818a91;border:3px solid;background-color:transparent}.elementor-widget-text-editor:not(.elementor-drop-cap-view-default) .elementor-drop-cap{margin-top:8px}.elementor-widget-text-editor:not(.elementor-drop-cap-view-default) .elementor-drop-cap-letter{width:1em;height:1em}.elementor-widget-text-editor .elementor-drop-cap{float:left;text-align:center;line-height:1;font-size:50px}.elementor-widget-text-editor .elementor-drop-cap-letter{display:inline-block}<\/style>\t\t\t\t<p>En vous connectant \u00e0 ce site, vous acc\u00e9dez \u00e0 un contenu prot\u00e9g\u00e9 par la loi, notamment par les dispositions du Code de la propri\u00e9t\u00e9 intellectuelle. L\u2019\u00e9diteur n\u2019autorise qu\u2019un usage strictement personnel des donn\u00e9es, informations ou contenus auxquels vous acc\u00e9dez. L\u2019utilisation ou la reproduction des images, photographies ou illustrations de ce site est strictement interdite sans l\u2019accord de leurs auteurs. Toutes infractions sera passible de poursuites judiciaires.<\/p><p>En poursuivant votre visite de notre site vous acceptez de respecter les restrictions ci-dessous.<\/p><h2>R\u00e9alisation du site<\/h2><p><a href=\"https:\/\/anachronos.fr\">https:\/\/anachronos.fr<\/a><\/p><p>Adresse : 71 Rue de Montigny 27200 Vernon<\/p><p>N\u00b0 d\u2019identification: 847 835 238 RCS Evreux<\/p><p>Responsable : Nicolas COPPIN &#8211; contact@anachronos.fr<\/p><p>L\u2019acc\u00e8s et l\u2019utilisation de ce site sont fournis par ANACHRONOS et sont soumis aux conditions d\u2019utilisation ci-dessous.<\/p><h2>Propri\u00e9t\u00e9 intellectuelle<\/h2><p>Anachronos\u00a0 Escape Game \u2013 contact@anachronos.fr<\/p><h2>Liens vers d\u2019autres sites<\/h2><p>A partir de ce site, vous pouvez \u00e9ventuellement acc\u00e9der \u00e0 des sites tiers par l\u2019interm\u00e9diaire de liens hypertextes. Ces sites tiers ne sont pas sous notre contr\u00f4le et nous ne sommes pas responsables de la disponibilit\u00e9 de ces sites et de leur contenu. La mise \u00e0 votre disposition de liens est faite pour votre information et n\u2019implique aucune responsabilit\u00e9 de la part d&rsquo;Anachronos. Nous ne pouvons \u00eatre tenus responsables de pertes ou de dommages qui pourraient r\u00e9sulter de l\u2019utilisation de ces sites tiers ou de contrats r\u00e9sultant de l\u2019utilisation de ces sites tiers. Vos transactions avec tout fournisseur tiers sont uniquement entre vous et le fournisseur tiers et sont soumises aux conditions applicables \u00e0 ces transactions.<\/p><h2>Informatique et Libert\u00e9s<\/h2><p>Les informations susceptibles d\u2019\u00eatre collect\u00e9es sur le pr\u00e9sent site sont exclusivement destin\u00e9es au traitement de vos demandes. Vous disposez d\u2019un droit d\u2019acc\u00e8s, de rectification et de suppression des donn\u00e9es qui vous concernent (loi N\u00b078-17 du 6 janvier 1978, Informatique et Libert\u00e9s).<\/p><h2>Exploitation des informations<\/h2><p>Malgr\u00e9 le soin apport\u00e9 au traitement des informations, Anachronos d\u00e9cline toute responsabilit\u00e9 concernant les erreurs ou omissions portant sur les informations diffus\u00e9es sur ce site. Anachronos\u00a0 ne peut \u00eatre tenue responsable de l\u2019interpr\u00e9tation des informations contenues dans ce site, ni des cons\u00e9quences de leur utilisation. Aucune garantie n\u2019est donn\u00e9e que ce site sera disponible sans interruption et aucune responsabilit\u00e9 ne peut \u00eatre accept\u00e9e concernant des pertes ou dommages r\u00e9sultant d\u2019une indisponibilit\u00e9 du site.<\/p><h2>H\u00e9bergement<\/h2><p>Ce site web est h\u00e9berg\u00e9 par\u00a0<a href=\"https:\/\/www.ovh.com\/fr\/\" target=\"_blank\" rel=\"noopener noreferrer\">OVH<\/a>.<\/p><h2>Th\u00e8me WordPress<\/h2><p>Escapium<\/p>\t\t\t\t\t\t<\/div>\n\t\t\t\t<\/div>\n\t\t\t\t\t<\/div>\n\t\t<\/div>\n\t\t\t\t\t\t\t<\/div>\n\t\t<\/section>\n\t\t\t\t\t\t<\/div>\n\t\t\t\t\t<\/div>\n\t\t","protected":false},"excerpt":{"rendered":"<p>En vous connectant \u00e0 ce site, vous acc\u00e9dez \u00e0 un contenu prot\u00e9g\u00e9 par la loi, notamment par les dispositions du Code de la propri\u00e9t\u00e9 intellectuelle. L\u2019\u00e9diteur n\u2019autorise qu\u2019un usage strictement personnel des donn\u00e9es, informations ou contenus auxquels vous acc\u00e9dez. L\u2019utilisation ou la reproduction des images, photographies ou illustrations de ce site est strictement interdite sans [&hellip;]<\/p>\n","protected":false},"author":1,"featured_media":0,"parent":0,"menu_order":0,"comment_status":"closed","ping_status":"closed","template":"","meta":[],"_links":{"self":[{"href":"https:\/\/anachronos.fr\/site\/index.php\/wp-json\/wp\/v2\/pages\/1438"}],"collection":[{"href":"https:\/\/anachronos.fr\/site\/index.php\/wp-json\/wp\/v2\/pages"}],"about":[{"href":"https:\/\/anachronos.fr\/site\/index.php\/wp-json\/wp\/v2\/types\/page"}],"author":[{"embeddable":true,"href":"https:\/\/anachronos.fr\/site\/index.php\/wp-json\/wp\/v2\/users\/1"}],"replies":[{"embeddable":true,"href":"https:\/\/anachronos.fr\/site\/index.php\/wp-json\/wp\/v2\/comments?post=1438"}],"version-history":[{"count":4,"href":"https:\/\/anachronos.fr\/site\/index.php\/wp-json\/wp\/v2\/pages\/1438\/revisions"}],"predecessor-version":[{"id":1453,"href":"https:\/\/anachronos.fr\/site\/index.php\/wp-json\/wp\/v2\/pages\/1438\/revisions\/1453"}],"wp:attachment":[{"href":"https:\/\/anachronos.fr\/site\/index.php\/wp-json\/wp\/v2\/media?parent=1438"}],"curies":[{"name":"wp","href":"https:\/\/api.w.org\/{rel}","templated":true}]}}