{"id":1456,"date":"2021-12-15T11:51:26","date_gmt":"2021-12-15T10:51:26","guid":{"rendered":"https:\/\/anachronos.fr\/site\/?page_id=1456"},"modified":"2024-11-30T19:24:15","modified_gmt":"2024-11-30T18:24:15","slug":"bons-cadeaux","status":"publish","type":"page","link":"https:\/\/anachronos.fr\/site\/index.php\/bons-cadeaux\/","title":{"rendered":"Bons cadeaux"},"content":{"rendered":"\t\t<div data-elementor-type=\"wp-page\" data-elementor-id=\"1456\" class=\"elementor elementor-1456\" data-elementor-settings=\"[]\">\n\t\t\t\t\t\t\t<div class=\"elementor-section-wrap\">\n\t\t\t\t\t\t\t<section class=\"elementor-section elementor-top-section elementor-element elementor-element-d43e3dc elementor-section-boxed elementor-section-height-default elementor-section-height-default\" data-id=\"d43e3dc\" data-element_type=\"section\">\n\t\t\t\t\t\t<div class=\"elementor-container elementor-column-gap-default\">\n\t\t\t\t\t<div class=\"elementor-column elementor-col-100 elementor-top-column elementor-element elementor-element-4e32d6b\" data-id=\"4e32d6b\" data-element_type=\"column\">\n\t\t\t<div class=\"elementor-widget-wrap elementor-element-populated\">\n\t\t\t\t\t\t\t\t<div class=\"elementor-element elementor-element-443a53c elementor-widget elementor-widget-text-editor\" data-id=\"443a53c\" data-element_type=\"widget\" data-widget_type=\"text-editor.default\">\n\t\t\t\t<div class=\"elementor-widget-container\">\n\t\t\t<style>\/*! elementor - v3.5.0 - 12-12-2021 *\/\n.elementor-widget-text-editor.elementor-drop-cap-view-stacked .elementor-drop-cap.elementor-widget-text-editor.elementor-drop-cap-view-framed .elementor-drop-cap{color:#818a91;border:3px solid;background-color:transparent}.elementor-widget-text-editor:not(.elementor-drop-cap-view-default) .elementor-drop-cap{margin-top:8px}.elementor-widget-text-editor:not(.elementor-drop-cap-view-default) .elementor-drop-cap-letter{width:1em;height:1em}.elementor-widget-text-editor .elementor-drop-cap{float:left;text-align:center;line-height:1;font-size:50px}.elementor-widget-text-editor .elementor-drop-cap-letter{display:inline-block}<\/style>\t\t\t\t<p class=\"has-text-align-center\">Vous pouvez acheter des ch\u00e8ques cadeaux \u00e0 imprimer, valables un an sur le site d&rsquo;Anachronos.<\/p>\n<p class=\"has-text-align-center\">Il est possible de combiner un ch\u00e8que cadeau avec un r\u00e8glement par carte ou sur place pour ajouter des participants.\u00a0<\/p>\t\t\t\t\t\t<\/div>\n\t\t\t\t<\/div>\n\t\t\t\t\t<\/div>\n\t\t<\/div>\n\t\t\t\t\t\t\t<\/div>\n\t\t<\/section>\n\t\t\t\t<section class=\"elementor-section elementor-top-section elementor-element elementor-element-1a21916 elementor-section-boxed elementor-section-height-default elementor-section-height-default\" data-id=\"1a21916\" data-element_type=\"section\">\n\t\t\t\t\t\t<div class=\"elementor-container elementor-column-gap-default\">\n\t\t\t\t\t<div class=\"elementor-column elementor-col-100 elementor-top-column elementor-element elementor-element-f58d5d3\" data-id=\"f58d5d3\" data-element_type=\"column\">\n\t\t\t<div class=\"elementor-widget-wrap elementor-element-populated\">\n\t\t\t\t\t\t\t\t<div class=\"elementor-element elementor-element-6ab88dd elementor-widget elementor-widget-html\" data-id=\"6ab88dd\" data-element_type=\"widget\" data-widget_type=\"html.default\">\n\t\t\t\t<div class=\"elementor-widget-container\">\n\t\t\t<script type=\"text\/javascript\" src=\"https:\/\/bookeo.com\/widget.js?a=42554PA4MXX18E3C1FF214&startmode=buyvoucher\"><\/script>\t\t<\/div>\n\t\t\t\t<\/div>\n\t\t\t\t\t<\/div>\n\t\t<\/div>\n\t\t\t\t\t\t\t<\/div>\n\t\t<\/section>\n\t\t\t\t<section class=\"elementor-section elementor-top-section elementor-element elementor-element-3784abf1 elementor-section-boxed elementor-section-height-default elementor-section-height-default\" data-id=\"3784abf1\" data-element_type=\"section\">\n\t\t\t\t\t\t<div class=\"elementor-container elementor-column-gap-default\">\n\t\t\t\t\t<div class=\"elementor-column elementor-col-100 elementor-top-column elementor-element elementor-element-4180b5fa\" data-id=\"4180b5fa\" data-element_type=\"column\">\n\t\t\t<div class=\"elementor-widget-wrap elementor-element-populated\">\n\t\t\t\t\t\t\t\t<div class=\"elementor-element elementor-element-1731a778 elementor-widget elementor-widget-text-editor\" data-id=\"1731a778\" data-element_type=\"widget\" data-widget_type=\"text-editor.default\">\n\t\t\t\t<div class=\"elementor-widget-container\">\n\t\t\t\t\t\t\t<p><!-- wp:paragraph {\"align\":\"center\"} --><\/p>\n<p><!-- \/wp:paragraph --><\/p>\n<p><!-- wp:paragraph --><\/p>\n<p><!-- \/wp:paragraph --><\/p>\n<p><!-- wp:paragraph {\"align\":\"center\"} --><\/p>\n<p class=\"has-text-align-center\">Pour utiliser un bon cadeau, entrez le code lors de la r\u00e9servation, ou cliquez sur le bouton.<\/p>\n<p class=\"has-text-align-center\">Pour une invitation, un avoir ou une promotion, entrez le code lors de la r\u00e9servation.<\/p>\n<div class=\"wp-block-buttons is-content-justification-center\">\n<p><!-- \/wp:button --><\/p>\n<\/div>\n<p><!-- \/wp:buttons --><\/p>\n<p><!-- wp:paragraph --><\/p>\n<p><!-- \/wp:paragraph --><\/p>\t\t\t\t\t\t<\/div>\n\t\t\t\t<\/div>\n\t\t\t\t<div class=\"elementor-element elementor-element-6da0e37 elementor-align-center elementor-widget elementor-widget-esc-button\" data-id=\"6da0e37\" data-element_type=\"widget\" data-widget_type=\"esc-button.default\">\n\t\t\t\t<div class=\"elementor-widget-container\">\n\t\t\t\n\t\t<a href=\"https:\/\/anachronos.fr\/site\/index.php\/voucher\/\" class=\"btn btn-lg btn-primary\" href=\"https:\/\/anachronos.fr\/site\/index.php\/voucher\/\" target=\"_blank\" rel=\"nofollow\"href=\"https:\/\/anachronos.fr\/site\/index.php\/voucher\/\" target=\"_blank\" rel=\"nofollow\">\n\t\t\t\t\t\t\t<i class=\"icon-social-dropbox\"><\/i>\n\t\t\t\t\t\tUtiliser un Bon Cadeau\t\t<\/a>\n\n\t\t\t\t<\/div>\n\t\t\t\t<\/div>\n\t\t\t\t\t<\/div>\n\t\t<\/div>\n\t\t\t\t\t\t\t<\/div>\n\t\t<\/section>\n\t\t\t\t\t\t<\/div>\n\t\t\t\t\t<\/div>\n\t\t","protected":false},"excerpt":{"rendered":"<p>Vous pouvez acheter des ch\u00e8ques cadeaux \u00e0 imprimer, valables un an sur le site d&rsquo;Anachronos. Il est possible de combiner un ch\u00e8que cadeau avec un r\u00e8glement par carte ou sur place pour ajouter des participants.\u00a0 Pour utiliser un bon cadeau, entrez le code lors de la r\u00e9servation, ou cliquez sur le bouton. Pour une invitation, [&hellip;]<\/p>\n","protected":false},"author":1,"featured_media":0,"parent":0,"menu_order":0,"comment_status":"closed","ping_status":"closed","template":"","meta":[],"_links":{"self":[{"href":"https:\/\/anachronos.fr\/site\/index.php\/wp-json\/wp\/v2\/pages\/1456"}],"collection":[{"href":"https:\/\/anachronos.fr\/site\/index.php\/wp-json\/wp\/v2\/pages"}],"about":[{"href":"https:\/\/anachronos.fr\/site\/index.php\/wp-json\/wp\/v2\/types\/page"}],"author":[{"embeddable":true,"href":"https:\/\/anachronos.fr\/site\/index.php\/wp-json\/wp\/v2\/users\/1"}],"replies":[{"embeddable":true,"href":"https:\/\/anachronos.fr\/site\/index.php\/wp-json\/wp\/v2\/comments?post=1456"}],"version-history":[{"count":30,"href":"https:\/\/anachronos.fr\/site\/index.php\/wp-json\/wp\/v2\/pages\/1456\/revisions"}],"predecessor-version":[{"id":2181,"href":"https:\/\/anachronos.fr\/site\/index.php\/wp-json\/wp\/v2\/pages\/1456\/revisions\/2181"}],"wp:attachment":[{"href":"https:\/\/anachronos.fr\/site\/index.php\/wp-json\/wp\/v2\/media?parent=1456"}],"curies":[{"name":"wp","href":"https:\/\/api.w.org\/{rel}","templated":true}]}}