{"id":20,"date":"2018-09-04T16:50:54","date_gmt":"2018-09-04T16:50:54","guid":{"rendered":"http:\/\/escapium-wp.dan-fisher.com\/?page_id=20"},"modified":"2025-06-14T12:29:49","modified_gmt":"2025-06-14T10:29:49","slug":"reserver","status":"publish","type":"page","link":"https:\/\/anachronos.fr\/site\/index.php\/reserver\/","title":{"rendered":"Tarifs\/R\u00e9server"},"content":{"rendered":"\t\t<div data-elementor-type=\"wp-post\" data-elementor-id=\"20\" class=\"elementor elementor-20\" data-elementor-settings=\"[]\">\n\t\t\t\t\t\t\t<div class=\"elementor-section-wrap\">\n\t\t\t\t\t\t\t<section class=\"elementor-section elementor-top-section elementor-element elementor-element-882bd86 elementor-section-boxed elementor-section-height-default elementor-section-height-default\" data-id=\"882bd86\" data-element_type=\"section\">\n\t\t\t\t\t\t<div class=\"elementor-container elementor-column-gap-default\">\n\t\t\t\t\t<div class=\"elementor-column elementor-col-33 elementor-top-column elementor-element elementor-element-a7ad13f\" data-id=\"a7ad13f\" data-element_type=\"column\">\n\t\t\t<div class=\"elementor-widget-wrap elementor-element-populated\">\n\t\t\t\t\t\t\t\t<div class=\"elementor-element elementor-element-34cb466 elementor-widget elementor-widget-escapium-iconbox\" data-id=\"34cb466\" data-element_type=\"widget\" data-widget_type=\"escapium-iconbox.default\">\n\t\t\t\t<div class=\"elementor-widget-container\">\n\t\t\t\n\t\t<!-- Icobox -->\n\t\t<div class=\"icobox\">\n\t\t\t<div class=\"icobox__icon-wrapper\">\n\t\t\t\t<div class=\"icobox__icon\">\n\t\t\t\t\t<i class=\"icon-calendar\"><\/i>\n\t\t\t\t<\/div>\n\t\t\t<\/div>\n\t\t\t<h3 class=\"icobox__title\">Toutes nos activit\u00e9s sont sur r\u00e9servation<\/h3>\n\t\t\t<div class=\"icobox__desc\">\n\t\t\t\tLes r\u00e9servations sont ouvertes jusqu\u2019\u00e0 <br>2 heures avant. <br>Pass\u00e9 ce d\u00e9lai vous pouvez nous appeler au 06.52.58.42.29 <br><br>S'il n'y a pas de cr\u00e9neau existant \u00e0 l'heure que vous souhaitez, n'h\u00e9sitez pas \u00e0 nous  contacter, nous ferons notre possible pour r\u00e9pondre \u00e0 vos demandes.\n\n\t\t\t\t\n\t\t\t<\/div>\n\t\t<\/div>\n\t\t<!-- Icobox \/ End -->\n\n\t\t\t\t<\/div>\n\t\t\t\t<\/div>\n\t\t\t\t\t<\/div>\n\t\t<\/div>\n\t\t\t\t<div class=\"elementor-column elementor-col-33 elementor-top-column elementor-element elementor-element-35cad73\" data-id=\"35cad73\" data-element_type=\"column\">\n\t\t\t<div class=\"elementor-widget-wrap elementor-element-populated\">\n\t\t\t\t\t\t\t\t<div class=\"elementor-element elementor-element-9a2130c elementor-widget elementor-widget-escapium-iconbox\" data-id=\"9a2130c\" data-element_type=\"widget\" data-widget_type=\"escapium-iconbox.default\">\n\t\t\t\t<div class=\"elementor-widget-container\">\n\t\t\t\n\t\t<!-- Icobox -->\n\t\t<div class=\"icobox\">\n\t\t\t<div class=\"icobox__icon-wrapper\">\n\t\t\t\t<div class=\"icobox__icon\">\n\t\t\t\t\t<i class=\"icon-people\"><\/i>\n\t\t\t\t<\/div>\n\t\t\t<\/div>\n\t\t\t<h3 class=\"icobox__title\">Paiements s\u00e9par\u00e9s possibles<\/h3>\n\t\t\t<div class=\"icobox__desc\">\n\t\t\t\tSi vous souhaitez faire un r\u00e8glement s\u00e9par\u00e9, c'est possible !  Envoyez-nous un mail pr\u00e9cisant la date, l\u2019heure, le nombre de participants et une adresse mail pour chacun d'eux.<br>Chacun recevra un mail de confirmation avec un lien vers son paiement. Au moins une personne doit avoir pay\u00e9 sa participation pour que la r\u00e9servation soit effective, les autres pourront r\u00e9gler sur place.<br>\nPour les paiements en esp\u00e8ces ou ch\u00e8ques vacances, contactez nous.\t\t\t\t\n\t\t\t<\/div>\n\t\t<\/div>\n\t\t<!-- Icobox \/ End -->\n\n\t\t\t\t<\/div>\n\t\t\t\t<\/div>\n\t\t\t\t\t<\/div>\n\t\t<\/div>\n\t\t\t\t<div class=\"elementor-column elementor-col-33 elementor-top-column elementor-element elementor-element-92611dd\" data-id=\"92611dd\" data-element_type=\"column\">\n\t\t\t<div class=\"elementor-widget-wrap elementor-element-populated\">\n\t\t\t\t\t\t\t\t<div class=\"elementor-element elementor-element-6ae75c0 elementor-widget elementor-widget-escapium-iconbox\" data-id=\"6ae75c0\" data-element_type=\"widget\" data-widget_type=\"escapium-iconbox.default\">\n\t\t\t\t<div class=\"elementor-widget-container\">\n\t\t\t\n\t\t<!-- Icobox -->\n\t\t<div class=\"icobox\">\n\t\t\t<div class=\"icobox__icon-wrapper\">\n\t\t\t\t<div class=\"icobox__icon\">\n\t\t\t\t\t<i class=\"icon-clock\"><\/i>\n\t\t\t\t<\/div>\n\t\t\t<\/div>\n\t\t\t<h3 class=\"icobox__title\">Attention!<\/h3>\n\t\t\t<div class=\"icobox__desc\">\n\t\t\t\tVeillez \u00e0 arriver \u00e0 l'heure exacte de votre r\u00e9servation. Nous ne pourrons pas forc\u00e9ment vous recevoir avant et un retard excessif entra\u00eenera une diminution, voire une annulation de votre temps de jeu, sans qu'un remboursement puisse \u00eatre demand\u00e9. \t\t\t\t\n\t\t\t<\/div>\n\t\t<\/div>\n\t\t<!-- Icobox \/ End -->\n\n\t\t\t\t<\/div>\n\t\t\t\t<\/div>\n\t\t\t\t\t<\/div>\n\t\t<\/div>\n\t\t\t\t\t\t\t<\/div>\n\t\t<\/section>\n\t\t\t\t<section class=\"elementor-section elementor-top-section elementor-element elementor-element-ee82841 elementor-section-boxed elementor-section-height-default elementor-section-height-default\" data-id=\"ee82841\" data-element_type=\"section\">\n\t\t\t\t\t\t<div class=\"elementor-container elementor-column-gap-default\">\n\t\t\t\t\t<div class=\"elementor-column elementor-col-16 elementor-top-column elementor-element elementor-element-2fa07ce\" data-id=\"2fa07ce\" data-element_type=\"column\">\n\t\t\t<div class=\"elementor-widget-wrap elementor-element-populated\">\n\t\t\t\t\t\t\t\t<div class=\"elementor-element elementor-element-9458163 elementor-widget elementor-widget-shortcode\" data-id=\"9458163\" data-element_type=\"widget\" data-widget_type=\"shortcode.default\">\n\t\t\t\t<div class=\"elementor-widget-container\">\n\t\t\t\t\t<div class=\"elementor-shortcode\"><\/div>\n\t\t\t\t<\/div>\n\t\t\t\t<\/div>\n\t\t\t\t\t<\/div>\n\t\t<\/div>\n\t\t\t\t<div class=\"elementor-column elementor-col-66 elementor-top-column elementor-element elementor-element-b599ead\" data-id=\"b599ead\" data-element_type=\"column\">\n\t\t\t<div class=\"elementor-widget-wrap elementor-element-populated\">\n\t\t\t\t\t\t\t\t<div class=\"elementor-element elementor-element-29fc0c8 elementor-widget elementor-widget-spacer\" data-id=\"29fc0c8\" data-element_type=\"widget\" data-widget_type=\"spacer.default\">\n\t\t\t\t<div class=\"elementor-widget-container\">\n\t\t\t\t\t<div class=\"elementor-spacer\">\n\t\t\t<div class=\"elementor-spacer-inner\"><\/div>\n\t\t<\/div>\n\t\t\t\t<\/div>\n\t\t\t\t<\/div>\n\t\t\t\t<div class=\"elementor-element elementor-element-166cb41 elementor-widget elementor-widget-text-editor\" data-id=\"166cb41\" data-element_type=\"widget\" data-widget_type=\"text-editor.default\">\n\t\t\t\t<div class=\"elementor-widget-container\">\n\t\t\t<style>\/*! elementor - v3.5.0 - 12-12-2021 *\/\n.elementor-widget-text-editor.elementor-drop-cap-view-stacked .elementor-drop-cap.elementor-widget-text-editor.elementor-drop-cap-view-framed .elementor-drop-cap{color:#818a91;border:3px solid;background-color:transparent}.elementor-widget-text-editor:not(.elementor-drop-cap-view-default) .elementor-drop-cap{margin-top:8px}.elementor-widget-text-editor:not(.elementor-drop-cap-view-default) .elementor-drop-cap-letter{width:1em;height:1em}.elementor-widget-text-editor .elementor-drop-cap{float:left;text-align:center;line-height:1;font-size:50px}.elementor-widget-text-editor .elementor-drop-cap-letter{display:inline-block}<\/style>\t\t\t\t<h4 style=\"text-align: center;\"><span style=\"color: #993366;\"><strong>Escape-Game \u00ab\u00a0Cabinet des Affaires Chim\u00e9riques, Entresol 71-1\/3\u00a0\u00bb<\/strong><\/span><\/h4><ul style=\"text-align: center;\"><li><span style=\"color: var( --e-global-color-text ); font-family: var( --e-global-typography-text-font-family ), Sans-serif; font-weight: var( --e-global-typography-text-font-weight ); font-size: 1rem;\">2 ou 3 personnes:\u00a0 \u00a075\u20ac<\/span><\/li><li>4 personnes:\u00a0 96\u20ac<\/li><li>5 personnes: 110\u20ac<\/li><li>6\u00e8me personne en option \u00e0 cocher sur lors de la r\u00e9servation (la salle n&rsquo;est pas optimis\u00e9e pour): +10\u20ac<\/li><\/ul><p>A partir de 14 ans.<\/p><p>De 10 \u00e0 14 ans accompagn\u00e9s d&rsquo;un adulte (ou par le maitre du jeu avec suppl\u00e9ment de 10\u20ac, nous contacter avant).<\/p><p>Pour b\u00e9n\u00e9ficier de la r\u00e9duction du pass Boujou 2025, entrez le code promo BOUJOU lors du paiement (il faudra pr\u00e9senter un pass par personne le jour de la session, sinon la promo sera annul\u00e9e et la diff\u00e9rence \u00e0 r\u00e9gler sur place)<\/p>\t\t\t\t\t\t<\/div>\n\t\t\t\t<\/div>\n\t\t\t\t<div class=\"elementor-element elementor-element-78233e6 elementor-widget elementor-widget-spacer\" data-id=\"78233e6\" data-element_type=\"widget\" data-widget_type=\"spacer.default\">\n\t\t\t\t<div class=\"elementor-widget-container\">\n\t\t\t\t\t<div class=\"elementor-spacer\">\n\t\t\t<div class=\"elementor-spacer-inner\"><\/div>\n\t\t<\/div>\n\t\t\t\t<\/div>\n\t\t\t\t<\/div>\n\t\t\t\t\t<\/div>\n\t\t<\/div>\n\t\t\t\t<div class=\"elementor-column elementor-col-16 elementor-top-column elementor-element elementor-element-e74fe2c\" data-id=\"e74fe2c\" data-element_type=\"column\">\n\t\t\t<div class=\"elementor-widget-wrap elementor-element-populated\">\n\t\t\t\t\t\t\t\t<div class=\"elementor-element elementor-element-9ac108a elementor-widget elementor-widget-shortcode\" data-id=\"9ac108a\" data-element_type=\"widget\" data-widget_type=\"shortcode.default\">\n\t\t\t\t<div class=\"elementor-widget-container\">\n\t\t\t\t\t<div class=\"elementor-shortcode\"><\/div>\n\t\t\t\t<\/div>\n\t\t\t\t<\/div>\n\t\t\t\t\t<\/div>\n\t\t<\/div>\n\t\t\t\t\t\t\t<\/div>\n\t\t<\/section>\n\t\t\t\t<section class=\"elementor-section elementor-top-section elementor-element elementor-element-3c981fb elementor-section-boxed elementor-section-height-default elementor-section-height-default\" data-id=\"3c981fb\" data-element_type=\"section\">\n\t\t\t\t\t\t<div class=\"elementor-container elementor-column-gap-default\">\n\t\t\t\t\t<div class=\"elementor-column elementor-col-100 elementor-top-column elementor-element elementor-element-f8a326c\" data-id=\"f8a326c\" data-element_type=\"column\">\n\t\t\t<div class=\"elementor-widget-wrap elementor-element-populated\">\n\t\t\t\t\t\t\t\t<div class=\"elementor-element elementor-element-c58f2cb elementor-widget elementor-widget-html\" data-id=\"c58f2cb\" data-element_type=\"widget\" data-widget_type=\"html.default\">\n\t\t\t\t<div class=\"elementor-widget-container\">\n\t\t\t<script type=\"text\/javascript\" src=\"https:\/\/bookeo.com\/widget.js?a=42554PA4MXX18E3C1FF214\"><\/script>\n<script type=\"text\/javascript\">\nvar axiomct_mobileMode=\"button\";\nvar bookeo_startMobileLabel=\"R\u00e9server\";\n<\/script>\n<style type=\"text\/css\">\n#bookeoStartMobile {\nwidth: 250px !important;\nbackground-color: #590023 !important;\nfont-size: 24px !important;\ncolor: white !important;\n}\n<\/style>\t\t<\/div>\n\t\t\t\t<\/div>\n\t\t\t\t\t<\/div>\n\t\t<\/div>\n\t\t\t\t\t\t\t<\/div>\n\t\t<\/section>\n\t\t\t\t\t\t<\/div>\n\t\t\t\t\t<\/div>\n\t\t","protected":false},"excerpt":{"rendered":"<p>Escape-Game \u00ab\u00a0Cabinet des Affaires Chim\u00e9riques, Entresol 71-1\/3\u00a0\u00bb 2 ou 3 personnes:\u00a0 \u00a075\u20ac 4 personnes:\u00a0 96\u20ac 5 personnes: 110\u20ac 6\u00e8me personne en option \u00e0 cocher sur lors de la r\u00e9servation (la salle n&rsquo;est pas optimis\u00e9e pour): +10\u20ac A partir de 14 ans. De 10 \u00e0 14 ans accompagn\u00e9s d&rsquo;un adulte (ou par le maitre du jeu [&hellip;]<\/p>\n","protected":false},"author":1,"featured_media":0,"parent":0,"menu_order":0,"comment_status":"closed","ping_status":"closed","template":"elementor_header_footer","meta":[],"_links":{"self":[{"href":"https:\/\/anachronos.fr\/site\/index.php\/wp-json\/wp\/v2\/pages\/20"}],"collection":[{"href":"https:\/\/anachronos.fr\/site\/index.php\/wp-json\/wp\/v2\/pages"}],"about":[{"href":"https:\/\/anachronos.fr\/site\/index.php\/wp-json\/wp\/v2\/types\/page"}],"author":[{"embeddable":true,"href":"https:\/\/anachronos.fr\/site\/index.php\/wp-json\/wp\/v2\/users\/1"}],"replies":[{"embeddable":true,"href":"https:\/\/anachronos.fr\/site\/index.php\/wp-json\/wp\/v2\/comments?post=20"}],"version-history":[{"count":117,"href":"https:\/\/anachronos.fr\/site\/index.php\/wp-json\/wp\/v2\/pages\/20\/revisions"}],"predecessor-version":[{"id":2210,"href":"https:\/\/anachronos.fr\/site\/index.php\/wp-json\/wp\/v2\/pages\/20\/revisions\/2210"}],"wp:attachment":[{"href":"https:\/\/anachronos.fr\/site\/index.php\/wp-json\/wp\/v2\/media?parent=20"}],"curies":[{"name":"wp","href":"https:\/\/api.w.org\/{rel}","templated":true}]}}